{"id":6097,"date":"2025-12-22T16:44:47","date_gmt":"2025-12-22T09:44:47","guid":{"rendered":"https:\/\/posmesg.com\/?post_type=product&#038;p=6097"},"modified":"2025-12-22T16:50:15","modified_gmt":"2025-12-22T09:50:15","slug":"kangshifu-tea-successor-display-rack","status":"publish","type":"product","link":"https:\/\/posmesg.com\/vn\/san-pham\/kangshifu-tea-successor-display-rack\/","title":{"rendered":"K\u1ec7 tr\u01b0ng b\u00e0y Kangshifu Tr\u00e0 Truy\u1ec1n Nh\u00e2n"},"content":{"rendered":"<p><img decoding=\"async\" src=\"https:\/\/res.cloudinary.com\/dgbzo02h1\/image\/upload\/f_auto,q_auto,dpr_auto\/v1766145274\/%E7%94%9F%E6%88%90%E5%9C%BA%E6%99%AF%E5%9B%BE_efff0b.png\" alt=\"\" title=\"\"><\/p>","protected":false},"excerpt":{"rendered":"<p dir=\"auto\"><strong>C\u1ea3nh tr\u01b0ng b\u00e0y<\/strong>Khu ch\u0103m s\u00f3c c\u00e1 nh\u00e2n - k\u1ec7 ch\u00ednh &amp; l\u1ed1i qu\u1ea7y thu ng\u00e2n<strong><br \/>\n<\/strong><strong>K\u00edch th\u01b0\u1edbc:<\/strong> 500*350*1700mm<br \/>\n<strong>Ch\u1ea5t li\u1ec7u &amp; c\u00f4ng ngh\u1ec7:<\/strong> S\u1eaft + t\u1ea5m chevron<br \/>\n<strong>Th\u1eddi gian s\u1ea3n xu\u1ea5t<\/strong> Theo th\u1ef1c t\u1ebf<br \/>\n<strong>S\u1ed1 l\u01b0\u1ee3ng \u0111\u1eb7t t\u1ed1i thi\u1ec3u<\/strong> Theo th\u1ef1c t\u1ebf<\/p>\n<div id=\"gtx-trans\" style=\"position: absolute; left: 250px; top: 38px;\">\n<div class=\"gtx-trans-icon\"><\/div>\n<\/div>","protected":false},"featured_media":6097,"comment_status":"open","ping_status":"closed","template":"","meta":{"_acf_changed":false},"product_brand":[],"product_cat":[57,79],"product_tag":[98,106],"class_list":{"0":"post-6097","1":"product","2":"type-product","3":"status-publish","4":"has-post-thumbnail","6":"product_cat-customized-advertising","7":"product_cat-posm-customized-advertising","8":"product_tag-customized-advertising","9":"product_tag-posm","11":"first","12":"instock","13":"shipping-taxable","14":"product-type-simple"},"acf":[],"_links":{"self":[{"href":"https:\/\/posmesg.com\/vn\/wp-json\/wp\/v2\/product\/6097","targetHints":{"allow":["GET"]}}],"collection":[{"href":"https:\/\/posmesg.com\/vn\/wp-json\/wp\/v2\/product"}],"about":[{"href":"https:\/\/posmesg.com\/vn\/wp-json\/wp\/v2\/types\/product"}],"replies":[{"embeddable":true,"href":"https:\/\/posmesg.com\/vn\/wp-json\/wp\/v2\/comments?post=6097"}],"wp:featuredmedia":[{"embeddable":true,"href":"https:\/\/posmesg.com\/vn\/wp-json\/wp\/v2\/product\/6097"}],"wp:attachment":[{"href":"https:\/\/posmesg.com\/vn\/wp-json\/wp\/v2\/media?parent=6097"}],"wp:term":[{"taxonomy":"product_brand","embeddable":true,"href":"https:\/\/posmesg.com\/vn\/wp-json\/wp\/v2\/product_brand?post=6097"},{"taxonomy":"product_cat","embeddable":true,"href":"https:\/\/posmesg.com\/vn\/wp-json\/wp\/v2\/product_cat?post=6097"},{"taxonomy":"product_tag","embeddable":true,"href":"https:\/\/posmesg.com\/vn\/wp-json\/wp\/v2\/product_tag?post=6097"}],"curies":[{"name":"wp","href":"https:\/\/api.w.org\/{rel}","templated":true}]}}