{"id":5769,"date":"2025-10-28T19:38:45","date_gmt":"2025-10-28T12:38:45","guid":{"rendered":"https:\/\/posmesg.com\/?post_type=product&#038;p=5769"},"modified":"2025-10-28T19:40:00","modified_gmt":"2025-10-28T12:40:00","slug":"3d-85a","status":"publish","type":"product","link":"https:\/\/posmesg.com\/vn\/san-pham\/3d-85a\/","title":{"rendered":"3D-85A"},"content":{"rendered":"<p><img decoding=\"async\" src=\"https:\/\/res.cloudinary.com\/dgbzo02h1\/image\/upload\/f_auto,q_auto,dpr_auto\/v1761646520\/Picture112_nm7huu.png\" alt=\"\" title=\"\"><\/p>","protected":false},"excerpt":{"rendered":"<ul>\n<li>Gi\u00e1 \u0111\u1ee1 m\u00e1y t\u00ednh b\u1ea3ng \u0111\u1ed9c l\u1eadp \u2013 thi\u1ebft k\u1ebf c\u1ef1c k\u1ef3 ti\u1ec7n l\u1ee3i.<\/li>\n<li>Khung c\u00f3 th\u1ec3 gh\u00e9p nhanh b\u1eb1ng kh\u1edbp b\u1ea5m, b\u1ec1 m\u1eb7t v\u1ea3i tr\u01b0ng b\u00e0y d\u1ec5 d\u00e0ng ph\u1ee7 l\u00ean.<\/li>\n<li>Ph\u00f9 h\u1ee3p \u0111\u1eb7c bi\u1ec7t cho h\u1ed9i th\u1ea3o ng\u00e0nh, tri\u1ec3n l\u00e3m ho\u1eb7c tr\u01b0ng b\u00e0y t\u1ea1i \u0111i\u1ec3m b\u00e1n.<\/li>\n<li>Sau khi s\u1eed d\u1ee5ng, ch\u1ec9 m\u1ea5t v\u00e0i ph\u00fat \u0111\u1ec3 th\u00e1o r\u1eddi, \u0111i k\u00e8m h\u1ed9p \u0111\u1ef1ng ti\u1ec7n l\u1ee3i \u2013 s\u1eb5n s\u00e0ng cho h\u00e0nh tr\u00ecnh ti\u1ebfp theo.<\/li>\n<\/ul>","protected":false},"featured_media":5769,"comment_status":"open","ping_status":"closed","template":"","meta":{"_acf_changed":false},"product_brand":[],"product_cat":[55,71],"product_tag":[84,95],"class_list":{"0":"post-5769","1":"product","2":"type-product","3":"status-publish","4":"has-post-thumbnail","6":"product_cat-display-equipment","7":"product_cat-door-shaped-display-rack","8":"product_tag-blue-bull","9":"product_tag-displays-equipment","11":"first","12":"instock","13":"shipping-taxable","14":"product-type-simple"},"acf":[],"_links":{"self":[{"href":"https:\/\/posmesg.com\/vn\/wp-json\/wp\/v2\/product\/5769","targetHints":{"allow":["GET"]}}],"collection":[{"href":"https:\/\/posmesg.com\/vn\/wp-json\/wp\/v2\/product"}],"about":[{"href":"https:\/\/posmesg.com\/vn\/wp-json\/wp\/v2\/types\/product"}],"replies":[{"embeddable":true,"href":"https:\/\/posmesg.com\/vn\/wp-json\/wp\/v2\/comments?post=5769"}],"wp:featuredmedia":[{"embeddable":true,"href":"https:\/\/posmesg.com\/vn\/wp-json\/wp\/v2\/product\/5769"}],"wp:attachment":[{"href":"https:\/\/posmesg.com\/vn\/wp-json\/wp\/v2\/media?parent=5769"}],"wp:term":[{"taxonomy":"product_brand","embeddable":true,"href":"https:\/\/posmesg.com\/vn\/wp-json\/wp\/v2\/product_brand?post=5769"},{"taxonomy":"product_cat","embeddable":true,"href":"https:\/\/posmesg.com\/vn\/wp-json\/wp\/v2\/product_cat?post=5769"},{"taxonomy":"product_tag","embeddable":true,"href":"https:\/\/posmesg.com\/vn\/wp-json\/wp\/v2\/product_tag?post=5769"}],"curies":[{"name":"wp","href":"https:\/\/api.w.org\/{rel}","templated":true}]}}