{"id":3846,"date":"2025-08-30T22:35:11","date_gmt":"2025-08-30T15:35:11","guid":{"rendered":"https:\/\/posmesg.com\/?post_type=product&#038;p=3846"},"modified":"2025-09-28T16:45:10","modified_gmt":"2025-09-28T09:45:10","slug":"sl-ld-1026","status":"publish","type":"product","link":"https:\/\/posmesg.com\/vn\/san-pham\/sl-ld-1026\/","title":{"rendered":"SL-LD-1026"},"content":{"rendered":"<p data-start=\"938\" data-end=\"1157\"><strong>SL-LD-1026<\/strong> l\u00e0 k\u1ec7 tr\u01b0ng b\u00e0y s\u00e0n d\u1ea1ng gi\u1ecf di \u0111\u1ed9ng cao c\u1ea5p t\u1eeb Blue Bull, \u0111\u01b0\u1ee3c t\u1ed1i \u01b0u cho t\u00ednh \u1ed5n \u0111\u1ecbnh, linh ho\u1ea1t v\u00e0 hi\u1ec7u qu\u1ea3 \u0111\u1ec3 t\u1ed1i \u0111a h\u00f3a t\u00e1c \u0111\u1ed9ng tr\u01b0ng b\u00e0y t\u1ea1i \u0111i\u1ec3m b\u00e1n.<\/p>\n<ul data-start=\"1159\" data-end=\"1785\">\n<li data-start=\"1159\" data-end=\"1393\">\n<p data-start=\"1161\" data-end=\"1183\"><strong data-start=\"1161\" data-end=\"1181\">Gi\u00e1 tr\u1ecb ch\u1ee9c n\u0103ng<\/strong><\/p>\n<ul data-start=\"1186\" data-end=\"1393\">\n<li data-start=\"1186\" data-end=\"1258\">\n<p data-start=\"1188\" data-end=\"1258\">K\u1ebft c\u1ea5u v\u1eefng ch\u1eafc, ch\u1ecbu t\u1ea3i t\u1ed1t, d\u00f9ng l\u00e2u d\u00e0i<\/p>\n<\/li>\n<li data-start=\"1261\" data-end=\"1328\">\n<p data-start=\"1263\" data-end=\"1328\">K\u1ebft h\u1ee3p linh ho\u1ea1t: h\u1ed7 tr\u1ee3 tr\u01b0ng b\u00e0y nhi\u1ec1u t\u1ea7ng, nhi\u1ec1u m\u1eb7t<\/p>\n<\/li>\n<li data-start=\"1331\" data-end=\"1393\">\n<p data-start=\"1333\" data-end=\"1393\">L\u1eafp \u0111\u1eb7t nhanh, kh\u00f4ng c\u1ea7n d\u1ee5ng c\u1ee5, ti\u1ebft ki\u1ec7m th\u1eddi gian<\/p>\n<\/li>\n<\/ul>\n<\/li>\n<li data-start=\"1395\" data-end=\"1559\">\n<p data-start=\"1397\" data-end=\"1420\"><strong data-start=\"1397\" data-end=\"1418\">Gi\u00e1 tr\u1ecb v\u1eadn h\u00e0nh<\/strong><\/p>\n<ul data-start=\"1423\" data-end=\"1559\">\n<li data-start=\"1423\" data-end=\"1487\">\n<p data-start=\"1425\" data-end=\"1487\">Tr\u01b0ng b\u00e0y t\u1eadp trung gi\u00fap c\u1ea3i thi\u1ec7n hi\u1ec7u su\u1ea5t b\u00e1n h\u00e0ng<\/p>\n<\/li>\n<li data-start=\"1490\" data-end=\"1559\">\n<p data-start=\"1492\" data-end=\"1559\">T\u1ea1o nhanh c\u00e1c khu ch\u1ee7 \u0111\u1ec1 ho\u1eb7c khu khuy\u1ebfn m\u00e3i hi\u1ec7u qu\u1ea3<\/p>\n<\/li>\n<\/ul>\n<\/li>\n<li data-start=\"1561\" data-end=\"1785\">\n<p data-start=\"1563\" data-end=\"1580\"><strong data-start=\"1563\" data-end=\"1578\">Gi\u00e1 tr\u1ecb th\u01b0\u01a1ng hi\u1ec7u<\/strong><\/p>\n<ul data-start=\"1583\" data-end=\"1785\">\n<li data-start=\"1583\" data-end=\"1660\">\n<p data-start=\"1585\" data-end=\"1660\">T\u00f9y ch\u1ec9nh to\u00e0n di\u1ec7n v\u1ec1 v\u1eadt li\u1ec7u, m\u00e0u s\u1eafc, \u0111\u1ed3 h\u1ecda \u0111\u1ec3 \u0111\u1ed3ng nh\u1ea5t th\u01b0\u01a1ng hi\u1ec7u<\/p>\n<\/li>\n<li data-start=\"1663\" data-end=\"1717\">\n<p data-start=\"1665\" data-end=\"1717\">Thi\u1ebft k\u1ebf \u0111\u1ed9c \u0111\u00e1o gi\u00fap t\u0103ng hi\u1ec7u \u1ee9ng th\u1ecb gi\u00e1c<\/p>\n<\/li>\n<li data-start=\"1720\" data-end=\"1785\">\n<p data-start=\"1722\" data-end=\"1785\">B\u1ec1n v\u1eefng, t\u00e1i s\u1eed d\u1ee5ng, gi\u1ea3m chi ph\u00ed \u0111\u1ea7u t\u01b0 l\u00e2u d\u00e0i<\/p>\n<\/li>\n<\/ul>\n<\/li>\n<\/ul>\n<p>Ph\u00f9 h\u1ee3p cho si\u00eau th\u1ecb, chu\u1ed7i b\u00e1n l\u1ebb v\u00e0 s\u1ef1 ki\u1ec7n khuy\u1ebfn m\u00e3i, <strong>SL-LD-1026<\/strong>\u00a0c\u00e2n b\u1eb1ng gi\u1eefa t\u00ednh th\u1ef1c d\u1ee5ng, nh\u1eadn di\u1ec7n th\u01b0\u01a1ng hi\u1ec7u v\u00e0 s\u1ef1 b\u1ec1n v\u1eefng.<\/p>","protected":false},"excerpt":{"rendered":"<p><strong data-start=\"693\" data-end=\"710\">\u1ee8ng d\u1ee5ng:<\/strong> KA\/MT stores, promotional zones, product showcases<br data-start=\"761\" data-end=\"764\" \/><strong data-start=\"764\" data-end=\"783\">T\u00f9y ch\u1ecdn t\u00f9y ch\u1ec9nh:<\/strong> V\u1eadt li\u1ec7u, m\u00e0u s\u1eafc, \u0111\u1ed3 h\u1ecda, chi\u1ec1u cao t\u1ea7ng, b\u00e1nh xe<br data-start=\"832\" data-end=\"835\" \/><strong data-start=\"835\" data-end=\"850\">K\u00edch th\u01b0\u1edbc:<\/strong> 350*350*1180mm<\/p>\n<div id=\"gtx-trans\" style=\"position: absolute; left: 104px; top: 86px;\">\n<div class=\"gtx-trans-icon\"><\/div>\n<\/div>","protected":false},"featured_media":3846,"comment_status":"open","ping_status":"closed","template":"","meta":{"_acf_changed":false},"product_brand":[],"product_cat":[52,58],"product_tag":[84,83],"class_list":{"0":"post-3846","1":"product","2":"type-product","3":"status-publish","4":"has-post-thumbnail","6":"product_cat-esg","7":"product_cat-recycled-plastic","8":"product_tag-blue-bull","9":"product_tag-esg","11":"first","12":"instock","13":"shipping-taxable","14":"product-type-simple"},"acf":[],"_links":{"self":[{"href":"https:\/\/posmesg.com\/vn\/wp-json\/wp\/v2\/product\/3846","targetHints":{"allow":["GET"]}}],"collection":[{"href":"https:\/\/posmesg.com\/vn\/wp-json\/wp\/v2\/product"}],"about":[{"href":"https:\/\/posmesg.com\/vn\/wp-json\/wp\/v2\/types\/product"}],"replies":[{"embeddable":true,"href":"https:\/\/posmesg.com\/vn\/wp-json\/wp\/v2\/comments?post=3846"}],"wp:featuredmedia":[{"embeddable":true,"href":"https:\/\/posmesg.com\/vn\/wp-json\/wp\/v2\/product\/3846"}],"wp:attachment":[{"href":"https:\/\/posmesg.com\/vn\/wp-json\/wp\/v2\/media?parent=3846"}],"wp:term":[{"taxonomy":"product_brand","embeddable":true,"href":"https:\/\/posmesg.com\/vn\/wp-json\/wp\/v2\/product_brand?post=3846"},{"taxonomy":"product_cat","embeddable":true,"href":"https:\/\/posmesg.com\/vn\/wp-json\/wp\/v2\/product_cat?post=3846"},{"taxonomy":"product_tag","embeddable":true,"href":"https:\/\/posmesg.com\/vn\/wp-json\/wp\/v2\/product_tag?post=3846"}],"curies":[{"name":"wp","href":"https:\/\/api.w.org\/{rel}","templated":true}]}}